{"id":2,"date":"2021-05-10T10:52:16","date_gmt":"2021-05-10T08:52:16","guid":{"rendered":"https:\/\/arts-norbert-schulz.com\/?page_id=2"},"modified":"2021-05-12T17:00:40","modified_gmt":"2021-05-12T15:00:40","slug":"willkommen","status":"publish","type":"page","link":"https:\/\/arts-norbert-schulz.com\/","title":{"rendered":"Willkommen"},"content":{"rendered":"\n<h2 class=\"wp-block-heading\">Willkommen&#8230;<\/h2>\n\n\n\n<p>&#8230;auf der Baustelle. Hier entsteht die Internetpr\u00e4senz des K\u00fcnstlers Norbert Schulz. Bitte haben Sie noch den einen oder anderen Moment Geduld. Denn wie hei\u00dft es so sch\u00f6n?<\/p>\n\n\n\n<blockquote class=\"wp-block-quote is-layout-flow wp-block-quote-is-layout-flow\"><p>Gut Kunst n\u00f6cht&#8216; Weile haben!&#8220;<\/p><cite>\u00dcberliefertes Sprichwort, leicht modofiziert<\/cite><\/blockquote>\n\n\n\n<p>Also lehnen Sie sich entspant zur\u00fcck und harren gemeinsam der Dinge, die unweigerlich kommen werden.<\/p>\n","protected":false},"excerpt":{"rendered":"<p>Willkommen&#8230; &#8230;auf der Baustelle. Hier entsteht die Internetpr\u00e4senz des K\u00fcnstlers Norbert Schulz. Bitte haben Sie noch den einen oder anderen Moment Geduld. Denn wie hei\u00dft es so sch\u00f6n? Gut Kunst n\u00f6cht&#8216; Weile haben!&#8220; \u00dcberliefertes Sprichwort, leicht modofiziert Also lehnen Sie sich entspant zur\u00fcck und harren gemeinsam der Dinge, die unweigerlich kommen werden.<\/p>\n","protected":false},"author":1,"featured_media":0,"parent":0,"menu_order":0,"comment_status":"closed","ping_status":"closed","template":"","meta":{"footnotes":""},"class_list":["post-2","page","type-page","status-publish","hentry","entry"],"_links":{"self":[{"href":"https:\/\/arts-norbert-schulz.com\/index.php?rest_route=\/wp\/v2\/pages\/2","targetHints":{"allow":["GET"]}}],"collection":[{"href":"https:\/\/arts-norbert-schulz.com\/index.php?rest_route=\/wp\/v2\/pages"}],"about":[{"href":"https:\/\/arts-norbert-schulz.com\/index.php?rest_route=\/wp\/v2\/types\/page"}],"author":[{"embeddable":true,"href":"https:\/\/arts-norbert-schulz.com\/index.php?rest_route=\/wp\/v2\/users\/1"}],"replies":[{"embeddable":true,"href":"https:\/\/arts-norbert-schulz.com\/index.php?rest_route=%2Fwp%2Fv2%2Fcomments&post=2"}],"version-history":[{"count":3,"href":"https:\/\/arts-norbert-schulz.com\/index.php?rest_route=\/wp\/v2\/pages\/2\/revisions"}],"predecessor-version":[{"id":10,"href":"https:\/\/arts-norbert-schulz.com\/index.php?rest_route=\/wp\/v2\/pages\/2\/revisions\/10"}],"wp:attachment":[{"href":"https:\/\/arts-norbert-schulz.com\/index.php?rest_route=%2Fwp%2Fv2%2Fmedia&parent=2"}],"curies":[{"name":"wp","href":"https:\/\/api.w.org\/{rel}","templated":true}]}}